{"id":82,"date":"2022-10-13T11:12:32","date_gmt":"2022-10-13T09:12:32","guid":{"rendered":"https:\/\/www.belmpro.fr\/cms\/?page_id=82"},"modified":"2025-09-04T17:11:21","modified_gmt":"2025-09-04T15:11:21","slug":"notre-centre-de-formation","status":"publish","type":"page","link":"https:\/\/www.belmpro.fr\/cms\/notre-centre-de-formation\/","title":{"rendered":"Centre de formation"},"content":{"rendered":"\n<div style=\"height:25px\" aria-hidden=\"true\" class=\"wp-block-spacer\"><\/div>\n\n\n\n<p class=\"has-medium-font-size\">Notre mission est de former et accompagner les professionnels du b\u00e2timent, d\u00e9velopper l&#8217;apprentissage pratique de la pose, du fonctionnement, du d\u00e9pannage et de la r\u00e9glementation, de produits impactant la transition et la r\u00e9novation \u00e9nerg\u00e9tique de l&#8217;habitat.                                                                                                                                                                                                                                                                                                                                                                                                                                                                                                                                                                                                                                                                                                                                                                                                                                                                                                                                                                                                                                                                                                                                                                                                                                                                                                                                                                                                                                                                                                                                                                                                                                                                                                                                                                                                                                                                                                                                                                                                                                                                                                                                                                                                                                                                                                                                                                                                                                                                                                                                                                                                                                                                                                                                                                                                                                                                                                                                                                                                                                                                                                                                                                                                                                                                                                                                                                                                                                                                                                                                                                                                                                                                                                                                                                                                                                                                                                                                                                                                                                                                                                                                                                                                                                                                                                                                                                                                                                                                                                                                                                                                                                                                                                                                                                                                                                                                                                                                                                                                                                                                                                                                                                                                                                                                                                                                                                                                                                                                                                                                                                                                                                                                                                                                                                                                                                                                                                                                                                                                                                                                                                                                                                                                                                                                                                                                                                                                                                                                                                                                                                                                                                                                                                                                                                                                                                                                                                                                                                                                                                                                                                                                                                                                                                                                                                                                                                                                                                                                                                                                                                                                                                                                                                                                                                                                                                                                                                                                                                                                                                                                                                                                                                                                                                                                                                                                                                                                                                                                                                                                                                                                                                                                                                                                                                                                                                                                                                                                                                                                                                                                                                                                                                                                                                                                                                                                                                                                                                                                                                                                                                                                                      <\/p>\n\n\n\n<div style=\"height:18px\" aria-hidden=\"true\" class=\"wp-block-spacer\"><\/div>\n\n\n\n<p>D\u00e9couvrez le t\u00e9moignage de nos clients, Jean-Fran\u00e7ois Andr\u00e9, dirigeant de&nbsp;<a href=\"https:\/\/www.linkedin.com\/company\/i.d.-menuiseries\/\">I.D. MENUISERIES<\/a>&nbsp;(La Jarne &#8211; 17) et Thomas, assistant commercial, suite \u00e0 leur formation en menuiserie ext\u00e9rieure au Centre de Formation&nbsp;<a href=\"https:\/\/www.linkedin.com\/company\/cetih\/\">CETIH<\/a>.<\/p>\n\n\n\n<div style=\"height:6px\" aria-hidden=\"true\" class=\"wp-block-spacer\"><\/div>\n\n\n\n<p>Notre client avait pour objectif d\u2019harmoniser le discours autour du r\u00e9glage des portes d\u2019entr\u00e9e entre ses poseurs et ses commerciaux, et par la m\u00eame occasion f\u00e9d\u00e9rer ses \u00e9quipes autour d\u2019une formation qualifiante.<\/p>\n\n\n\n<div style=\"height:22px\" aria-hidden=\"true\" class=\"wp-block-spacer\"><\/div>\n\n\n\n<figure class=\"wp-block-embed is-type-video is-provider-youtube wp-block-embed-youtube wp-embed-aspect-16-9 wp-has-aspect-ratio\"><div class=\"wp-block-embed__wrapper\">\n<div class=\"ratio ratio-16x9\"><iframe loading=\"lazy\" title=\"T\u00e9moignage client Bel&#039;M - I.D. MENUISERIES\" width=\"800\" height=\"450\" src=\"https:\/\/www.youtube.com\/embed\/zt7uZ6Bqrgk?feature=oembed\" frameborder=\"0\" allow=\"accelerometer; autoplay; clipboard-write; encrypted-media; gyroscope; picture-in-picture; web-share\" referrerpolicy=\"strict-origin-when-cross-origin\" allowfullscreen><\/iframe><\/div>\n<\/div><\/figure>\n\n\n\n<div style=\"height:25px\" aria-hidden=\"true\" class=\"wp-block-spacer\"><\/div>\n\n\n\n<div style=\"height:25px\" aria-hidden=\"true\" class=\"wp-block-spacer\"><\/div>\n\n\n\n<h3 class=\"wp-block-heading has-vivid-red-color has-text-color\"><strong>D\u00e9couvrez nos formations <\/strong><\/h3>\n\n\n\n<ul class=\"wp-block-list\">\n<li>CFC 36 : Feebat Renove, indispensable pour \u00eatre qualifi\u00e9 RGE. <\/li>\n\n\n\n<li>CFC 3 : Formez-vous sur les exigences r\u00e9glementaires de la pose de menuiseries, conforme aux DTU 36.5 et 20.1.<\/li>\n\n\n\n<li>CFC 98 : Pose et r\u00e9glages de menuiseries sur 2 types de poses. Formation agr\u00e9\u00e9e pour la certification CSTB.<\/li>\n\n\n\n<li>CFC 26 et 27 : Ces deux formations sont con\u00e7ues pour diagnostiquer, r\u00e9gler et d\u00e9panner au mieux les portes et fen\u00eatres de vos clients. <\/li>\n\n\n\n<li>Parcourez l&#8217;ensemble de nos formations via le bouton ci-dessous pour trouver celle qui est la plus adapt\u00e9e \u00e0 votre besoin.<\/li>\n<\/ul>\n\n\n\n<div class=\"wp-block-buttons is-layout-flex wp-block-buttons-is-layout-flex\">\n<div class=\"wp-block-button\"><a class=\"wp-block-button__link has-white-color has-text-color has-background has-link-color wp-element-button\" href=\"https:\/\/www.cetih.eu\/centre-de-formation-cetih\/formations-menuiserie-exterieure\/\" style=\"background-color:#db052c\"><strong>Nos formations<\/strong><\/a><\/div>\n<\/div>\n\n\n\n<div style=\"height:25px\" aria-hidden=\"true\" class=\"wp-block-spacer\"><\/div>\n\n\n\n<div style=\"height:25px\" aria-hidden=\"true\" class=\"wp-block-spacer\"><\/div>\n\n\n\n<p>Nos formations vous permettent de r\u00e9aliser les chantiers en toute s\u00e9curit\u00e9 et qualit\u00e9, en favorisant l&#8217;efficacit\u00e9 \u00e9nerg\u00e9tique de l&#8217;enveloppe de l&#8217;habitat. <\/p>\n\n\n\n<div style=\"height:25px\" aria-hidden=\"true\" class=\"wp-block-spacer\"><\/div>\n\n\n\n<div class=\"wp-block-columns is-layout-flex wp-container-core-columns-is-layout-9d6595d7 wp-block-columns-is-layout-flex\">\n<div class=\"wp-block-column is-layout-flow wp-block-column-is-layout-flow\" style=\"flex-basis:66.66%\">\n<h3 class=\"wp-block-heading has-vivid-red-color has-text-color\"><strong>Pose et r\u00e9glages<\/strong><\/h3>\n\n\n\n<ul class=\"wp-block-list\">\n<li>R\u00e9aliser des poses en neuf, en r\u00e9novation, en d\u00e9pose totale<\/li>\n\n\n\n<li>R\u00e9aliser le montage et les r\u00e9glages des diff\u00e9rentes quincailleries et accessoires<\/li>\n\n\n\n<li>R\u00e9aliser une prise de cotes <\/li>\n\n\n\n<li>Faire un diagnostic d\u00e9faut d\u2019ouverture et de fermeture<\/li>\n\n\n\n<li>R\u00e9aliser un recalage, changement de vitrage<\/li>\n<\/ul>\n<\/div>\n\n\n\n<div class=\"wp-block-column is-layout-flow wp-block-column-is-layout-flow\" style=\"flex-basis:33.33%\">\n<figure class=\"wp-block-image size-full\"><img loading=\"lazy\" decoding=\"async\" width=\"7952\" height=\"5304\" src=\"https:\/\/www.belmpro.fr\/wp-content\/uploads\/sites\/6\/2024\/12\/KOT01233.jpg\" alt=\"\" class=\"wp-image-3824\" srcset=\"https:\/\/www.belmpro.fr\/wp-content\/uploads\/sites\/6\/2024\/12\/KOT01233.jpg 7952w, https:\/\/www.belmpro.fr\/wp-content\/uploads\/sites\/6\/2024\/12\/KOT01233-300x200.jpg 300w, https:\/\/www.belmpro.fr\/wp-content\/uploads\/sites\/6\/2024\/12\/KOT01233-1024x683.jpg 1024w, https:\/\/www.belmpro.fr\/wp-content\/uploads\/sites\/6\/2024\/12\/KOT01233-768x512.jpg 768w, https:\/\/www.belmpro.fr\/wp-content\/uploads\/sites\/6\/2024\/12\/KOT01233-1536x1025.jpg 1536w, https:\/\/www.belmpro.fr\/wp-content\/uploads\/sites\/6\/2024\/12\/KOT01233-600x400.jpg 600w\" sizes=\"auto, (max-width: 7952px) 100vw, 7952px\" \/><\/figure>\n<\/div>\n<\/div>\n\n\n\n<div style=\"height:25px\" aria-hidden=\"true\" class=\"wp-block-spacer\"><\/div>\n\n\n\n<div class=\"wp-block-columns is-layout-flex wp-container-core-columns-is-layout-9d6595d7 wp-block-columns-is-layout-flex\">\n<div class=\"wp-block-column is-layout-flow wp-block-column-is-layout-flow\" style=\"flex-basis:33.33%\">\n<figure class=\"wp-block-image size-large\"><img loading=\"lazy\" decoding=\"async\" width=\"1024\" height=\"695\" src=\"https:\/\/www.belmpro.fr\/wp-content\/uploads\/sites\/6\/2023\/06\/CETIH-centre-de-formation-public-1024x695.jpg\" alt=\"\" class=\"wp-image-1675\" srcset=\"https:\/\/www.belmpro.fr\/wp-content\/uploads\/sites\/6\/2023\/06\/CETIH-centre-de-formation-public-1024x695.jpg 1024w, https:\/\/www.belmpro.fr\/wp-content\/uploads\/sites\/6\/2023\/06\/CETIH-centre-de-formation-public-300x203.jpg 300w, https:\/\/www.belmpro.fr\/wp-content\/uploads\/sites\/6\/2023\/06\/CETIH-centre-de-formation-public-768x521.jpg 768w, https:\/\/www.belmpro.fr\/wp-content\/uploads\/sites\/6\/2023\/06\/CETIH-centre-de-formation-public-600x407.jpg 600w, https:\/\/www.belmpro.fr\/wp-content\/uploads\/sites\/6\/2023\/06\/CETIH-centre-de-formation-public.jpg 1380w\" sizes=\"auto, (max-width: 1024px) 100vw, 1024px\" \/><\/figure>\n<\/div>\n\n\n\n<div class=\"wp-block-column is-layout-flow wp-block-column-is-layout-flow\" style=\"flex-basis:66.66%\">\n<h3 class=\"wp-block-heading has-vivid-red-color has-text-color\"><strong>Diagnostic et d\u00e9pannage<\/strong><\/h3>\n\n\n\n<ul class=\"wp-block-list\">\n<li>Diagnostiquer des dysfonctionnements<\/li>\n\n\n\n<li>Assurer le d\u00e9pannage<\/li>\n\n\n\n<li>R\u00e9aliser les r\u00e9glages<\/li>\n\n\n\n<li>D\u00e9panner un volet roulant<\/li>\n<\/ul>\n<\/div>\n<\/div>\n\n\n\n<div style=\"height:0px\" aria-hidden=\"true\" class=\"wp-block-spacer\"><\/div>\n\n\n\n<h3 class=\"wp-block-heading has-vivid-red-color has-text-color\"><strong>Domotique<\/strong> <\/h3>\n\n\n\n<ul class=\"wp-block-list\">\n<li>Somfy ou Delta Dore<\/li>\n\n\n\n<li>Distinguer les composants d\u2019une menuiserie connect\u00e9e<\/li>\n\n\n\n<li>R\u00e9aliser les branchements et le param\u00e9trage<\/li>\n\n\n\n<li>Ex\u00e9cuter les diff\u00e9rentes \u00e9tapes d&#8217;installation, d&#8217;appairage et de programmation<\/li>\n\n\n\n<li>Diagnostiquer les principales pannes et faire les r\u00e9glages n\u00e9cessaires<\/li>\n<\/ul>\n\n\n\n<div style=\"height:25px\" aria-hidden=\"true\" class=\"wp-block-spacer\"><\/div>\n\n\n\n<p class=\"has-small-font-size\">Notre organisme \u00e9tant certifi\u00e9 Qualiopi, nos formations peuvent \u00eatre financ\u00e9es. Elles sont \u00e9galement ouvertes aux personnes en situation de handicap (contactez notre r\u00e9f\u00e9rent Handicap).<\/p>\n","protected":false},"excerpt":{"rendered":"<p>Notre mission est de former et accompagner les professionnels du b\u00e2timent, d\u00e9velopper l&#8217;apprentissage pratique de la pose, du fonctionnement, du d\u00e9pannage et de la r\u00e9glementation, de produits impactant la transition et la r\u00e9novation \u00e9nerg\u00e9tique de l&#8217;habitat. D\u00e9couvrez le t\u00e9moignage de nos clients, Jean-Fran\u00e7ois Andr\u00e9, dirigeant de&nbsp;I.D. MENUISERIES&nbsp;(La Jarne &#8211; 17) et Thomas, assistant commercial, suite [&hellip;]<\/p>\n","protected":false},"author":1,"featured_media":0,"parent":0,"menu_order":34,"comment_status":"closed","ping_status":"closed","template":"template-learning.php","meta":{"_acf_changed":false,"footnotes":""},"class_list":["post-82","page","type-page","status-publish","hentry"],"acf":[],"_links":{"self":[{"href":"https:\/\/www.belmpro.fr\/cms\/wp-json\/wp\/v2\/pages\/82","targetHints":{"allow":["GET"]}}],"collection":[{"href":"https:\/\/www.belmpro.fr\/cms\/wp-json\/wp\/v2\/pages"}],"about":[{"href":"https:\/\/www.belmpro.fr\/cms\/wp-json\/wp\/v2\/types\/page"}],"author":[{"embeddable":true,"href":"https:\/\/www.belmpro.fr\/cms\/wp-json\/wp\/v2\/users\/1"}],"replies":[{"embeddable":true,"href":"https:\/\/www.belmpro.fr\/cms\/wp-json\/wp\/v2\/comments?post=82"}],"version-history":[{"count":42,"href":"https:\/\/www.belmpro.fr\/cms\/wp-json\/wp\/v2\/pages\/82\/revisions"}],"predecessor-version":[{"id":4742,"href":"https:\/\/www.belmpro.fr\/cms\/wp-json\/wp\/v2\/pages\/82\/revisions\/4742"}],"wp:attachment":[{"href":"https:\/\/www.belmpro.fr\/cms\/wp-json\/wp\/v2\/media?parent=82"}],"curies":[{"name":"wp","href":"https:\/\/api.w.org\/{rel}","templated":true}]}}